{"id":16,"date":"2026-04-11T02:23:22","date_gmt":"2026-04-11T02:23:22","guid":{"rendered":"https:\/\/huertayasociadosconsultoria.com\/?page_id=16"},"modified":"2026-04-16T20:43:13","modified_gmt":"2026-04-16T20:43:13","slug":"inicio","status":"publish","type":"page","link":"https:\/\/huertayasociadosconsultoria.com\/","title":{"rendered":"INICIO"},"content":{"rendered":"<div class=\"et_pb_section_0 et_pb_section et_section_regular et_flex_section\"><\/div>\n\n<div class=\"et_pb_section_1 et_pb_section et_section_regular et_block_section\">\n<div class=\"et_pb_row_0 et_pb_row et_flex_row\">\n<div class=\"et_pb_column_0 et_pb_column et_flex_column et_pb_css_mix_blend_mode_passthrough et_flex_column_12_24 et_flex_column_12_24_tablet et_flex_column_24_24_phone\">\n<div class=\"et_pb_cta_0 et_pb_promo et_pb_bg_layout_light et_animated et_pb_module et_block_module\"><div class=\"et_pb_promo_description\"><h2 class=\"et_pb_module_header\">Bienvenidos a Huerta y Asociados<\/h2><div class=\"et_pb_promo_content\"><p><span>Somos una firma especializada en brindar servicios profesionales en las \u00e1reas contable, fiscal y legal, dise\u00f1ada para apoyar a empresas, emprendedores y profesionistas que requieren una gesti\u00f3n efectiva y cumplimiento normativo.<\/span><\/p>\n<\/div><\/div><div class=\"et_pb_button_wrapper\"><a class=\"et_pb_button et_pb_promo_button\" href=\"https:\/\/huertayasociadosconsultoria.com\/index.php\/servicios\/\">VER SERVICIOS <\/a><\/div><\/div>\n<\/div>\n\n<div class=\"et_pb_column_1 et_pb_column et-last-child et_flex_column et_pb_css_mix_blend_mode_passthrough et_flex_column_12_24 et_flex_column_12_24_tablet et_flex_column_24_24_phone\">\n<div class=\"et_pb_image_0 et_pb_image et_pb_module et_flex_module\"><span class=\"et_pb_image_wrap\"><img loading=\"lazy\" decoding=\"async\" src=\"https:\/\/huertayasociadosconsultoria.com\/wp-content\/uploads\/2026\/04\/beautiful-freelancer-stock-broker-signing-business-deal-her-work-desk-successful-businesswoman-reading-work-contract-768x879-1.jpg\" title=\"beautiful-freelancer-stock-broker-signing-business-deal-her-work-desk-successful-businesswoman-reading-work-contract-768x879\" width=\"768\" height=\"879\" srcset=\"https:\/\/huertayasociadosconsultoria.com\/wp-content\/uploads\/2026\/04\/beautiful-freelancer-stock-broker-signing-business-deal-her-work-desk-successful-businesswoman-reading-work-contract-768x879-1.jpg 768w, https:\/\/huertayasociadosconsultoria.com\/wp-content\/uploads\/2026\/04\/beautiful-freelancer-stock-broker-signing-business-deal-her-work-desk-successful-businesswoman-reading-work-contract-768x879-1-480x549.jpg 480w\" sizes=\"(min-width: 0px) and (max-width: 480px) 480px, (min-width: 481px) 768px, 100vw\" class=\"wp-image-22\" \/><\/span><\/div>\n<\/div>\n<\/div>\n<\/div>\n\n<div class=\"et_pb_section_2 et_pb_section et_section_regular et_block_section\">\n<div class=\"et_pb_row_1 et_pb_row et_block_row\">\n<div class=\"et_pb_column_2 et_pb_column et_pb_column_4_4 et-last-child et_block_column et_pb_css_mix_blend_mode_passthrough\">\n<div class=\"et_pb_cta_1 et_pb_promo et_pb_bg_layout_light et_pb_module et_block_module\"><div class=\"et_pb_promo_description\"><h2 class=\"et_pb_module_header\">\u00bfQui\u00e9nes pueden beneficiarse de nuestros servicios?<\/h2><\/div><\/div>\n<\/div>\n<\/div>\n\n<div class=\"et_pb_row_2 et_pb_row et_flex_row\">\n<div class=\"et_pb_column_3 et_pb_column et_flex_column et_pb_css_mix_blend_mode_passthrough et_flex_column_1_5 et_flex_column_12_24_tablet et_flex_column_24_24_phone\">\n<div class=\"et_pb_group_0 et_pb_group et-last-child et_pb_module et_flex_group et_pb_css_mix_blend_mode_passthrough\">\n<div class=\"et_pb_image_1 et_pb_image et_pb_module et_flex_module\"><span class=\"et_pb_image_wrap\"><img loading=\"lazy\" decoding=\"async\" src=\"https:\/\/huertayasociadosconsultoria.com\/wp-content\/uploads\/2026\/04\/collaborate.png\" title=\"collaborate\" width=\"256\" height=\"256\" srcset=\"https:\/\/huertayasociadosconsultoria.com\/wp-content\/uploads\/2026\/04\/collaborate.png 256w, https:\/\/huertayasociadosconsultoria.com\/wp-content\/uploads\/2026\/04\/collaborate-150x150.png 150w\" sizes=\"(max-width: 256px) 100vw, 256px\" class=\"wp-image-27\" \/><\/span><\/div>\n\n<div class=\"et_pb_text_0 et_pb_text et_pb_bg_layout_light et_pb_module et_flex_module\"><div class=\"et_pb_text_inner\"><p><span>Socios y accionistas<\/span><\/p>\n<\/div><\/div>\n<\/div>\n<\/div>\n\n<div class=\"et_pb_column_4 et_pb_column et_flex_column et_pb_css_mix_blend_mode_passthrough et_flex_column_1_5 et_flex_column_12_24_tablet et_flex_column_24_24_phone\">\n<div class=\"et_pb_group_1 et_pb_group et-last-child et_pb_module et_flex_group et_pb_css_mix_blend_mode_passthrough\">\n<div class=\"et_pb_image_2 et_pb_image et_pb_module et_flex_module\"><span class=\"et_pb_image_wrap\"><img loading=\"lazy\" decoding=\"async\" src=\"https:\/\/huertayasociadosconsultoria.com\/wp-content\/uploads\/2026\/04\/businessman.png\" title=\"businessman\" width=\"256\" height=\"256\" srcset=\"https:\/\/huertayasociadosconsultoria.com\/wp-content\/uploads\/2026\/04\/businessman.png 256w, https:\/\/huertayasociadosconsultoria.com\/wp-content\/uploads\/2026\/04\/businessman-150x150.png 150w\" sizes=\"(max-width: 256px) 100vw, 256px\" class=\"wp-image-29\" \/><\/span><\/div>\n\n<div class=\"et_pb_text_1 et_pb_text et_pb_bg_layout_light et_pb_module et_flex_module\"><div class=\"et_pb_text_inner\"><p>Empresarios\u00a0<\/p>\n<\/div><\/div>\n<\/div>\n<\/div>\n\n<div class=\"et_pb_column_5 et_pb_column et_flex_column et_pb_css_mix_blend_mode_passthrough et_flex_column_1_5 et_flex_column_12_24_tablet et_flex_column_24_24_phone\">\n<div class=\"et_pb_group_2 et_pb_group et-last-child et_pb_module et_flex_group et_pb_css_mix_blend_mode_passthrough\">\n<div class=\"et_pb_image_3 et_pb_image et_pb_module et_flex_module\"><span class=\"et_pb_image_wrap\"><img loading=\"lazy\" decoding=\"async\" src=\"https:\/\/huertayasociadosconsultoria.com\/wp-content\/uploads\/2026\/04\/businessman-1.png\" title=\"businessman (1)\" width=\"256\" height=\"256\" srcset=\"https:\/\/huertayasociadosconsultoria.com\/wp-content\/uploads\/2026\/04\/businessman-1.png 256w, https:\/\/huertayasociadosconsultoria.com\/wp-content\/uploads\/2026\/04\/businessman-1-150x150.png 150w\" sizes=\"(max-width: 256px) 100vw, 256px\" class=\"wp-image-32\" \/><\/span><\/div>\n\n<div class=\"et_pb_text_2 et_pb_text et_pb_bg_layout_light et_pb_module et_flex_module\"><div class=\"et_pb_text_inner\"><p><span>Personas f\u00edsicas con actividad empresarial<\/span><\/p>\n<\/div><\/div>\n<\/div>\n<\/div>\n\n<div class=\"et_pb_column_6 et_pb_column et_flex_column et_pb_css_mix_blend_mode_passthrough et_flex_column_1_5 et_flex_column_12_24_tablet et_flex_column_24_24_phone\">\n<div class=\"et_pb_group_3 et_pb_group et-last-child et_pb_module et_flex_group et_pb_css_mix_blend_mode_passthrough\">\n<div class=\"et_pb_image_4 et_pb_image et_pb_module et_flex_module\"><span class=\"et_pb_image_wrap\"><img loading=\"lazy\" decoding=\"async\" src=\"https:\/\/huertayasociadosconsultoria.com\/wp-content\/uploads\/2026\/04\/shop.png\" title=\"shop\" width=\"256\" height=\"256\" srcset=\"https:\/\/huertayasociadosconsultoria.com\/wp-content\/uploads\/2026\/04\/shop.png 256w, https:\/\/huertayasociadosconsultoria.com\/wp-content\/uploads\/2026\/04\/shop-150x150.png 150w\" sizes=\"(max-width: 256px) 100vw, 256px\" class=\"wp-image-34\" \/><\/span><\/div>\n\n<div class=\"et_pb_text_3 et_pb_text et_pb_bg_layout_light et_pb_module et_flex_module\"><div class=\"et_pb_text_inner\"><p><span>Emprendedores y nuevos negocios<\/span><\/p>\n<\/div><\/div>\n<\/div>\n<\/div>\n\n<div class=\"et_pb_column_7 et_pb_column et-last-child et_flex_column et_pb_css_mix_blend_mode_passthrough et_flex_column_1_5 et_flex_column_12_24_tablet et_flex_column_24_24_phone\">\n<div class=\"et_pb_group_4 et_pb_group et-last-child et_pb_module et_flex_group et_pb_css_mix_blend_mode_passthrough\">\n<div class=\"et_pb_image_5 et_pb_image et_pb_module et_flex_module\"><span class=\"et_pb_image_wrap\"><img loading=\"lazy\" decoding=\"async\" src=\"https:\/\/huertayasociadosconsultoria.com\/wp-content\/uploads\/2026\/04\/co-founder.png\" title=\"co-founder\" width=\"256\" height=\"256\" srcset=\"https:\/\/huertayasociadosconsultoria.com\/wp-content\/uploads\/2026\/04\/co-founder.png 256w, https:\/\/huertayasociadosconsultoria.com\/wp-content\/uploads\/2026\/04\/co-founder-150x150.png 150w\" sizes=\"(max-width: 256px) 100vw, 256px\" class=\"wp-image-36\" \/><\/span><\/div>\n\n<div class=\"et_pb_text_4 et_pb_text et_pb_bg_layout_light et_pb_module et_flex_module\"><div class=\"et_pb_text_inner\"><p>Empresas familiares y pymes\u00a0<\/p>\n<\/div><\/div>\n<\/div>\n<\/div>\n<\/div>\n<\/div>\n\n<div class=\"et_pb_section_3 et_pb_section et_section_regular et_block_section\">\n<div class=\"et_pb_row_3 et_pb_row et_block_row et_animated\">\n<div class=\"et_pb_column_8 et_pb_column et_pb_column_4_4 et-last-child et_block_column et_pb_css_mix_blend_mode_passthrough\">\n<div class=\"et_pb_cta_2 et_pb_promo et_pb_bg_layout_dark et_pb_module et_block_module\"><div class=\"et_pb_promo_description\"><h2 class=\"et_pb_module_header\">CON\u00d3CENOS<\/h2><div class=\"et_pb_promo_content\"><p><span>En H&amp;A Consultores, entendemos que cada cliente es \u00fanico. Nuestro equipo est\u00e1 conformado por especialistas con amplia experiencia en los sectores contable, fiscal y legal. <\/span><\/p>\n<p><span>Nos dedicamos a crear soluciones a la medida para nuestros clientes, buscando no s\u00f3lo el cumplimiento, sino tambi\u00e9n el crecimiento y la tranquilidad operativa.<\/span><\/p>\n<p><span><\/span><\/p>\n<ul class=\"aux-icon-list-items aux-direction-default\">\n<li class=\"aux-icon-list-item aux-list-item-has-icon aux-icon-list-item-b8f98ca elementor-repeater-item-b8f98ca\"><span class=\"aux-icon-list-text\">Compromiso<\/span><\/li>\n<li class=\"aux-icon-list-item aux-list-item-has-icon aux-icon-list-item-3049ada elementor-repeater-item-3049ada\"><span class=\"aux-icon-list-icon auxicon-check-1\"><\/span><span class=\"aux-icon-list-text\">\u00c9tica<\/span><\/li>\n<li class=\"aux-icon-list-item aux-list-item-has-icon aux-icon-list-item-af9e616 elementor-repeater-item-af9e616\"><span class=\"aux-icon-list-icon auxicon-check-1\"><\/span><span class=\"aux-icon-list-text\">Profesionalismo<\/span><\/li>\n<li class=\"aux-icon-list-item aux-list-item-has-icon aux-icon-list-item-8c794e8 elementor-repeater-item-8c794e8\"><span class=\"aux-icon-list-icon auxicon-check-1\"><\/span><span class=\"aux-icon-list-text\">Eficiencia<\/span><\/li>\n<li class=\"aux-icon-list-item aux-list-item-has-icon aux-icon-list-item-cb9720d elementor-repeater-item-cb9720d\"><span class=\"aux-icon-list-icon auxicon-check-1\"><\/span><span class=\"aux-icon-list-text\">Cercan\u00eda con el cliente<\/span><\/li>\n<\/ul>\n<\/div><\/div><\/div>\n<\/div>\n<\/div>\n\n<div class=\"et_pb_row_4 et_pb_row et_flex_row\">\n<div class=\"et_pb_column_9 et_pb_column et_flex_column et_pb_css_mix_blend_mode_passthrough et_flex_column_12_24 et_flex_column_12_24_tablet et_flex_column_24_24_phone\">\n<div class=\"et_pb_image_6 et_pb_image et_animated et_pb_module et_block_module\"><span class=\"et_pb_image_wrap\"><img decoding=\"async\" src=\"http:\/\/ali.sandbox.etdevs.com\/divi\/wp-content\/uploads\/sites\/2\/2018\/07\/business-coach-003.jpg\" \/><\/span><\/div>\n<\/div>\n\n<div class=\"et_pb_column_10 et_pb_column et-last-child et_flex_column et_pb_css_mix_blend_mode_passthrough et_flex_column_12_24 et_flex_column_12_24_tablet et_flex_column_24_24_phone\">\n<div class=\"et_pb_text_5 et_pb_text et_pb_bg_layout_light et_pb_module et_block_module\"><div class=\"et_pb_text_inner\"><h3>MISI\u00d3N<\/h3>\n<p><span>Ofrecer asesor\u00eda y soluciones integrales en materia contable, fiscal y legal para que nuestros clientes alcancen sus objetivos empresariales.<\/span><\/p>\n<\/div><\/div>\n<\/div>\n<\/div>\n\n<div class=\"et_pb_row_5 et_pb_row et_flex_row\">\n<div class=\"et_pb_column_11 et_pb_column et_flex_column et_pb_column_empty et_pb_css_mix_blend_mode_passthrough et_flex_column_2_5 et_flex_column_2_5_tablet et_flex_column_24_24_phone\"><\/div>\n\n<div class=\"et_pb_column_12 et_pb_column et_flex_column et_pb_css_mix_blend_mode_passthrough et_flex_column_3_5 et_flex_column_3_5_tablet et_flex_column_24_24_phone\">\n<div class=\"et_pb_image_7 et_pb_image et_animated et_pb_module et_block_module\"><span class=\"et_pb_image_wrap\"><img loading=\"lazy\" decoding=\"async\" src=\"https:\/\/huertayasociadosconsultoria.com\/wp-content\/uploads\/2026\/04\/abogadofiscal2.jpg\" title=\"abogadofiscal2\" width=\"950\" height=\"534\" srcset=\"https:\/\/huertayasociadosconsultoria.com\/wp-content\/uploads\/2026\/04\/abogadofiscal2.jpg 950w, https:\/\/huertayasociadosconsultoria.com\/wp-content\/uploads\/2026\/04\/abogadofiscal2-480x270.jpg 480w\" sizes=\"(min-width: 0px) and (max-width: 480px) 480px, (min-width: 481px) 950px, 100vw\" class=\"wp-image-43\" \/><\/span><\/div>\n<\/div>\n\n<div class=\"et_pb_column_13 et_pb_column et-last-child et_flex_column et_pb_css_mix_blend_mode_passthrough et_flex_column_2_5 et_flex_column_2_5_tablet et_flex_column_24_24_phone\">\n<div class=\"et_pb_text_6 et_pb_text et_pb_bg_layout_light et_pb_module et_block_module\"><div class=\"et_pb_text_inner\"><h3>VISI\u00d3N<\/h3>\n<p><span>Ser reconocidos como una firma confiable y estrat\u00e9gica en Tijuana y todo M\u00e9xico.<\/span><\/p>\n<\/div><\/div>\n<\/div>\n<\/div>\n<\/div>\n\n<div class=\"et_pb_section_4 et_pb_section et_section_regular et_flex_section\">\n<div class=\"et_pb_row_6 et_pb_row et_flex_row\">\n<div class=\"et_pb_column_14 et_pb_column et-last-child et_flex_column et_pb_css_mix_blend_mode_passthrough et_flex_column_24_24 et_flex_column_24_24_tablet et_flex_column_24_24_phone\">\n<div class=\"et_pb_heading_0 et_pb_heading et_pb_module et_flex_module\"><div class=\"et_pb_heading_container\"><h1 class=\"et_pb_module_header\">Servicios <\/h1><\/div><\/div>\n<\/div>\n<\/div>\n<\/div>\n\n<div class=\"et_pb_section_5 et_pb_section et_section_regular et_block_section\">\n<div class=\"et_pb_row_7 et_pb_row et_block_row\">\n<div class=\"et_pb_column_15 et_pb_column et_pb_column_1_2 et_block_column et_pb_css_mix_blend_mode_passthrough\">\n<div class=\"et_pb_image_8 et_pb_image et_animated et_pb_module et_block_module\"><span class=\"et_pb_image_wrap\"><img loading=\"lazy\" decoding=\"async\" src=\"https:\/\/huertayasociadosconsultoria.com\/wp-content\/uploads\/2026\/04\/la-importancia-de-la-contabilidad-empresarial-en-el-cuidado-de-las-finanzas-img-790x440-02-1.jpg\" title=\"la-importancia-de-la-contabilidad-empresarial-en-el-cuidado-de-las-finanzas-img-790x440-02 (1)\" width=\"790\" height=\"440\" srcset=\"https:\/\/huertayasociadosconsultoria.com\/wp-content\/uploads\/2026\/04\/la-importancia-de-la-contabilidad-empresarial-en-el-cuidado-de-las-finanzas-img-790x440-02-1.jpg 790w, https:\/\/huertayasociadosconsultoria.com\/wp-content\/uploads\/2026\/04\/la-importancia-de-la-contabilidad-empresarial-en-el-cuidado-de-las-finanzas-img-790x440-02-1-480x267.jpg 480w\" sizes=\"(min-width: 0px) and (max-width: 480px) 480px, (min-width: 481px) 790px, 100vw\" class=\"wp-image-126\" \/><\/span><\/div>\n<\/div>\n\n<div class=\"et_pb_column_16 et_pb_column et_pb_column_1_2 et-last-child et_block_column et_pb_css_mix_blend_mode_passthrough\">\n<div class=\"et_pb_text_7 et_pb_text et_pb_bg_layout_light et_pb_module et_block_module\"><div class=\"et_pb_text_inner\"><h2>Legales\u00a0<\/h2>\n<p class=\"p2\">\u25cf Constituci\u00f3n de sociedades<\/p>\n<p class=\"p2\">\u25cf Elaboraci\u00f3n y revisi\u00f3n de contratos<\/p>\n<p class=\"p2\">\u25cf Protecci\u00f3n de datos personales<\/p>\n<p class=\"p2\">\u25cf Asesor\u00eda corporativa<\/p>\n<p class=\"p2\">\u25cf Gesti\u00f3n de cumplimiento legal<\/p>\n<\/div><\/div>\n<\/div>\n<\/div>\n\n<div class=\"et_pb_row_8 et_pb_row et_block_row\">\n<div class=\"et_pb_column_17 et_pb_column et_pb_column_1_2 et_block_column et_pb_css_mix_blend_mode_passthrough\">\n<div class=\"et_pb_text_8 et_pb_text et_pb_bg_layout_light et_pb_module et_block_module et_pb_text_align_right\"><div class=\"et_pb_text_inner\"><h2>Fiscales\u00a0<\/h2>\n<p class=\"p2\">\u25cf Planeaci\u00f3n fiscal<\/p>\n<p class=\"p2\">\u25cf Cumplimiento de obligaciones fiscales<\/p>\n<p class=\"p2\">\u25cf Devoluciones y compensaciones<\/p>\n<p class=\"p2\">\u25cf Tr\u00e1mites ante el SAT<\/p>\n<p class=\"p2\">\u25cf Defensa fiscal y atenci\u00f3n de auditor\u00edas<\/p>\n<\/div><\/div>\n<\/div>\n\n<div class=\"et_pb_column_18 et_pb_column et_pb_column_1_2 et-last-child et_block_column et_pb_css_mix_blend_mode_passthrough\">\n<div class=\"et_pb_image_9 et_pb_image et_animated et_pb_module et_block_module\"><span class=\"et_pb_image_wrap\"><img loading=\"lazy\" decoding=\"async\" src=\"https:\/\/huertayasociadosconsultoria.com\/wp-content\/uploads\/2026\/04\/pexels-mikhail-nilov-8297031.webp\" title=\"pexels-mikhail-nilov-8297031\" width=\"1280\" height=\"853\" srcset=\"https:\/\/huertayasociadosconsultoria.com\/wp-content\/uploads\/2026\/04\/pexels-mikhail-nilov-8297031.webp 1280w, https:\/\/huertayasociadosconsultoria.com\/wp-content\/uploads\/2026\/04\/pexels-mikhail-nilov-8297031-980x653.webp 980w, https:\/\/huertayasociadosconsultoria.com\/wp-content\/uploads\/2026\/04\/pexels-mikhail-nilov-8297031-480x320.webp 480w\" sizes=\"(min-width: 0px) and (max-width: 480px) 480px, (min-width: 481px) and (max-width: 980px) 980px, (min-width: 981px) 1280px, 100vw\" class=\"wp-image-132\" \/><\/span><\/div>\n<\/div>\n<\/div>\n<\/div>\n\n<div class=\"et_pb_section_6 et_pb_section et_section_regular et_block_section\">\n<div class=\"et_pb_row_9 et_pb_row et_block_row\">\n<div class=\"et_pb_column_19 et_pb_column et_pb_column_1_2 et_block_column et_pb_css_mix_blend_mode_passthrough\">\n<div class=\"et_pb_image_10 et_pb_image et_animated et_pb_module et_block_module\"><span class=\"et_pb_image_wrap\"><img loading=\"lazy\" decoding=\"async\" src=\"https:\/\/huertayasociadosconsultoria.com\/wp-content\/uploads\/2026\/04\/ayuda-entre-un-abogado-fiscalista-y-un-contador-general.jpeg\" title=\"ayuda-entre-un-abogado-fiscalista-y-un-contador-general\" width=\"720\" height=\"400\" srcset=\"https:\/\/huertayasociadosconsultoria.com\/wp-content\/uploads\/2026\/04\/ayuda-entre-un-abogado-fiscalista-y-un-contador-general.jpeg 720w, https:\/\/huertayasociadosconsultoria.com\/wp-content\/uploads\/2026\/04\/ayuda-entre-un-abogado-fiscalista-y-un-contador-general-480x267.jpeg 480w\" sizes=\"(min-width: 0px) and (max-width: 480px) 480px, (min-width: 481px) 720px, 100vw\" class=\"wp-image-39\" \/><\/span><\/div>\n<\/div>\n\n<div class=\"et_pb_column_20 et_pb_column et_pb_column_1_2 et-last-child et_block_column et_pb_css_mix_blend_mode_passthrough\">\n<div class=\"et_pb_text_9 et_pb_text et_pb_bg_layout_light et_pb_module et_block_module\"><div class=\"et_pb_text_inner\"><h2>Contables\u00a0<\/h2>\n<p class=\"p2\">\u25cf Contabilidad general y electr\u00f3nica<\/p>\n<p class=\"p3\">\u25cf Elaboraci\u00f3n de estados financieros<\/p>\n<p class=\"p3\">\u25cf Auditor\u00eda interna<\/p>\n<p class=\"p3\">\u25cf Declaraciones mensuales y anuales<\/p>\n<p class=\"p3\">\u25cf N\u00f3mina y cumplimiento de obligaciones patronales<\/p>\n<\/div><\/div>\n<\/div>\n<\/div>\n\n<div class=\"et_pb_row_10 et_pb_row et_block_row\">\n<div class=\"et_pb_column_21 et_pb_column et_pb_column_1_2 et_block_column et_pb_css_mix_blend_mode_passthrough\">\n<div class=\"et_pb_text_10 et_pb_text et_pb_bg_layout_light et_pb_module et_block_module et_pb_text_align_right\"><div class=\"et_pb_text_inner\"><h2>Consultor\u00eda integral para empresas<\/h2>\n<p class=\"p2\">\u25cf Diagn\u00f3stico financiero y fiscal<\/p>\n<p class=\"p2\">\u25cf Implementaci\u00f3n de controles internos<\/p>\n<p class=\"p2\">\u25cf Regularizaci\u00f3n de empresas<\/p>\n<p class=\"p2\">\u25cf Estrategias de ahorro y optimizaci\u00f3n<\/p>\n<\/div><\/div>\n<\/div>\n\n<div class=\"et_pb_column_22 et_pb_column et_pb_column_1_2 et-last-child et_block_column et_pb_css_mix_blend_mode_passthrough\">\n<div class=\"et_pb_image_11 et_pb_image et_animated et_pb_module et_block_module\"><span class=\"et_pb_image_wrap\"><img loading=\"lazy\" decoding=\"async\" src=\"https:\/\/huertayasociadosconsultoria.com\/wp-content\/uploads\/2026\/04\/en-que-consisten-los-servicios-de-consultoria-empresarial.webp\" title=\"en-que-consisten-los-servicios-de-consultoria-empresarial\" width=\"1280\" height=\"746\" srcset=\"https:\/\/huertayasociadosconsultoria.com\/wp-content\/uploads\/2026\/04\/en-que-consisten-los-servicios-de-consultoria-empresarial.webp 1280w, https:\/\/huertayasociadosconsultoria.com\/wp-content\/uploads\/2026\/04\/en-que-consisten-los-servicios-de-consultoria-empresarial-980x571.webp 980w, https:\/\/huertayasociadosconsultoria.com\/wp-content\/uploads\/2026\/04\/en-que-consisten-los-servicios-de-consultoria-empresarial-480x280.webp 480w\" sizes=\"(min-width: 0px) and (max-width: 480px) 480px, (min-width: 481px) and (max-width: 980px) 980px, (min-width: 981px) 1280px, 100vw\" class=\"wp-image-143\" \/><\/span><\/div>\n<\/div>\n<\/div>\n<\/div>\n\n<div class=\"et_pb_section_7 et_pb_section et_section_regular et_block_section\"><\/div>\n\n<div class=\"et_pb_section_8 et_pb_section et_section_regular et_block_section et-pb-has-background-video et_pb_preload\"><span class=\"et-pb-background-video\"><video autoplay loop playsinline muted><source type=\"video\/mp4\" src=\"https:\/\/huertayasociadosconsultoria.com\/wp-content\/uploads\/2026\/04\/3209211-hd_1280_720_25fps.mp4\" \/><\/video><\/span><div class=\"et_pb_row_11 et_pb_row et_block_row et_animated\"><div class=\"et_pb_column_23 et_pb_column et_pb_column_1_3 et_block_column et_pb_css_mix_blend_mode_passthrough\"><div class=\"et_pb_text_11 et_pb_text et_pb_bg_layout_dark et_pb_module et_block_module\"><div class=\"et_pb_text_inner\"><h2>Contactanos<\/h2>\n<h4>Tel\u00e9fono<\/h4>\n<p>(664)6041777<\/p>\n<h4>Email<\/h4>\n<p>admon@huertayasociadosconsultoria.com<\/p>\n<\/div><\/div><ul class=\"et_pb_social_media_follow_0 et_pb_social_media_follow et_pb_bg_layout_light et_pb_module et_flex_module\"><li class=\"et_pb_social_media_follow_network_0 et_pb_social_media_follow_network et_pb_social_icon et_pb_social_network_link et-social-facebook et_pb_module et_flex_module\"><a href=\"https:\/\/www.facebook.com\/huertayasociados\/\" class=\"icon\" target=\"_blank\" title=\"Seguir en Facebook\" rel=\"noopener\"><span class=\"et_pb_social_media_follow_network_name\">Seguir<\/span><\/a><\/li><li class=\"et_pb_social_media_follow_network_1 et_pb_social_media_follow_network et_pb_social_icon et_pb_social_network_link et-social-instagram et_pb_module et_flex_module\"><a href=\"#\" class=\"icon\" target=\"_blank\" title=\"Seguir en Instagram\" rel=\"noopener\"><span class=\"et_pb_social_media_follow_network_name\">Seguir<\/span><\/a><\/li><\/ul><\/div><div class=\"et_pb_column_24 et_pb_column et_pb_column_2_3 et-last-child et_block_column et_pb_css_mix_blend_mode_passthrough\"><div class=\"et_pb_contact_form_0 et_pb_contact_form_container clearfix et_pb_module et_flex_module\" data-form_unique_num=\"0\" data-form_unique_id=\"7067d836e5cc6b8d0df5f1ee01accc26\" id=\"et_pb_contact_form_0\"><div class=\"et-pb-contact-message\"><\/div><div class=\"et_pb_contact\"><form class=\"et_pb_contact_form et_flex_module\" method=\"post\" action=\"https:\/\/huertayasociadosconsultoria.com\/index.php\/wp-json\/wp\/v2\/pages\/16\"><div class=\"et_pb_contact_field_0 et_pb_contact_field et_pb_module et_flex_module et_flex_column_12_24 et_flex_column_12_24_tablet et_flex_column_12_24_phone\" data-id=\"nombre_\" data-type=\"input\"><label class=\"et_pb_contact_form_label\" for=\"et_pb_contact_0_nombre__0\">Nombre <\/label><input type=\"text\" name=\"et_pb_contact_0_nombre__0\" id=\"et_pb_contact_0_nombre__0\" class=\"input\" data-required_mark=\"required\" data-field_type=\"input\" data-original_id=\"nombre_\" placeholder=\"Nombre \" title=\"\" value=\"\" \/><\/div><div class=\"et_pb_contact_field_1 et_pb_contact_field et_pb_module et_flex_module et_flex_column_12_24 et_flex_column_12_24_tablet et_flex_column_12_24_phone\" data-id=\"tel\u00e9fono_\" data-type=\"input\"><label class=\"et_pb_contact_form_label\" for=\"et_pb_contact_0_tel\u00e9fono__1\">Tel\u00e9fono<\/label><input type=\"text\" name=\"et_pb_contact_0_tel\u00e9fono__1\" id=\"et_pb_contact_0_tel\u00e9fono__1\" class=\"input\" data-required_mark=\"required\" data-field_type=\"input\" data-original_id=\"tel\u00e9fono_\" placeholder=\"Tel\u00e9fono\" title=\"\" value=\"\" \/><\/div><div class=\"et_pb_contact_field_2 et_pb_contact_field et_pb_module et_flex_module et_flex_column_24_24 et_flex_column_24_24_tablet et_flex_column_24_24_phone\" data-id=\"email\" data-type=\"email\"><label class=\"et_pb_contact_form_label\" for=\"et_pb_contact_0_email_2\">Email<\/label><input type=\"text\" name=\"et_pb_contact_0_email_2\" id=\"et_pb_contact_0_email_2\" class=\"input\" data-required_mark=\"required\" data-field_type=\"email\" data-original_id=\"email\" placeholder=\"Email\" title=\"\" value=\"\" \/><\/div><div class=\"et_pb_contact_field_3 et_pb_contact_field et_pb_module et_flex_module et_flex_column_24_24 et_flex_column_24_24_tablet et_flex_column_24_24_phone\" data-id=\"mensaje_\" data-type=\"text\"><label class=\"et_pb_contact_form_label\" for=\"et_pb_contact_0_mensaje__3\">Mensaje <\/label><textarea name=\"et_pb_contact_0_mensaje__3\" id=\"et_pb_contact_0_mensaje__3\" class=\"et_pb_contact_message input\" data-required_mark=\"required\" data-field_type=\"text\" data-original_id=\"mensaje_\" placeholder=\"Mensaje \"><\/textarea><\/div><input type=\"hidden\" name=\"et_pb_contactform_submit_7067d836e5cc6b8d0df5f1ee01accc26\" value=\"et_contact_proccess\" \/><div class=\"et_contact_bottom_container\"><div class=\"et_pb_button_wrapper\"><button type=\"submit\" name=\"et_builder_submit_button\" class=\"et_pb_button et_pb_contact_submit\">Enviar <\/button><\/div><\/div><input type=\"hidden\" id=\"_wpnonce-et-pb-contact-form-submitted-7067d836e5cc6b8d0df5f1ee01accc26\" name=\"_wpnonce-et-pb-contact-form-submitted-7067d836e5cc6b8d0df5f1ee01accc26\" value=\"98e80f6596\" \/><input type=\"hidden\" name=\"_wp_http_referer\" value=\"\/index.php\/wp-json\/wp\/v2\/pages\/16\" \/><\/form><\/div><\/div><\/div><\/div><\/div>","protected":false},"excerpt":{"rendered":"","protected":false},"author":1,"featured_media":0,"parent":0,"menu_order":0,"comment_status":"closed","ping_status":"closed","template":"","meta":{"footnotes":""},"class_list":["post-16","page","type-page","status-publish","hentry"],"_links":{"self":[{"href":"https:\/\/huertayasociadosconsultoria.com\/index.php\/wp-json\/wp\/v2\/pages\/16","targetHints":{"allow":["GET"]}}],"collection":[{"href":"https:\/\/huertayasociadosconsultoria.com\/index.php\/wp-json\/wp\/v2\/pages"}],"about":[{"href":"https:\/\/huertayasociadosconsultoria.com\/index.php\/wp-json\/wp\/v2\/types\/page"}],"author":[{"embeddable":true,"href":"https:\/\/huertayasociadosconsultoria.com\/index.php\/wp-json\/wp\/v2\/users\/1"}],"replies":[{"embeddable":true,"href":"https:\/\/huertayasociadosconsultoria.com\/index.php\/wp-json\/wp\/v2\/comments?post=16"}],"version-history":[{"count":108,"href":"https:\/\/huertayasociadosconsultoria.com\/index.php\/wp-json\/wp\/v2\/pages\/16\/revisions"}],"predecessor-version":[{"id":234,"href":"https:\/\/huertayasociadosconsultoria.com\/index.php\/wp-json\/wp\/v2\/pages\/16\/revisions\/234"}],"wp:attachment":[{"href":"https:\/\/huertayasociadosconsultoria.com\/index.php\/wp-json\/wp\/v2\/media?parent=16"}],"curies":[{"name":"wp","href":"https:\/\/api.w.org\/{rel}","templated":true}]}}